{"id":3350,"date":"2024-11-19T02:22:02","date_gmt":"2024-11-19T02:22:02","guid":{"rendered":"https:\/\/bathroommetal.com\/?post_type=product&#038;p=3350"},"modified":"2024-12-31T07:59:27","modified_gmt":"2024-12-31T07:59:27","slug":"luxury-high-end-apuvan-heated-towel-rail-apuvan-ab321","status":"publish","type":"product","link":"https:\/\/bathroommetal.com\/es\/producto\/toallero-calefactor-de-alta-gama-apuvan-apuvan-ab321\/","title":{"rendered":"Toallero calefactor de alta gama APUVAN APUVAN AB321"},"content":{"rendered":"","protected":false},"excerpt":{"rendered":"<p>Tama\u00f1o\uff1aH1563\u00d7A580\u00d7F200 (mm)<br \/>\nPotencia: 180w<\/p>\n<p>Se trata de un toallero calefactor el\u00e9ctrico de lujo y gran tama\u00f1o que es el mejor aliado para cuartos de ducha y ba\u00f1eras. Adem\u00e1s de la gran rejilla de secado, tambi\u00e9n tiene un nicho que puede almacenar art\u00edculos de tocador. Si tiene un cuarto de ba\u00f1o grande, su existencia puede dar a su cuarto de ba\u00f1o un aspecto de alta gama.<\/p>","protected":false},"featured_media":3351,"comment_status":"open","ping_status":"closed","template":"","meta":[],"product_brand":[],"product_cat":[69,362],"product_tag":[361],"class_list":{"0":"post-3350","1":"product","2":"type-product","3":"status-publish","4":"has-post-thumbnail","6":"product_cat-heated-towel-rail","7":"product_cat-luxury","8":"product_tag-retail","10":"first","11":"instock","12":"shipping-taxable","13":"purchasable","14":"product-type-variable"},"_links":{"self":[{"href":"https:\/\/bathroommetal.com\/es\/wp-json\/wp\/v2\/product\/3350","targetHints":{"allow":["GET"]}}],"collection":[{"href":"https:\/\/bathroommetal.com\/es\/wp-json\/wp\/v2\/product"}],"about":[{"href":"https:\/\/bathroommetal.com\/es\/wp-json\/wp\/v2\/types\/product"}],"replies":[{"embeddable":true,"href":"https:\/\/bathroommetal.com\/es\/wp-json\/wp\/v2\/comments?post=3350"}],"version-history":[{"count":0,"href":"https:\/\/bathroommetal.com\/es\/wp-json\/wp\/v2\/product\/3350\/revisions"}],"wp:featuredmedia":[{"embeddable":true,"href":"https:\/\/bathroommetal.com\/es\/wp-json\/wp\/v2\/media\/3351"}],"wp:attachment":[{"href":"https:\/\/bathroommetal.com\/es\/wp-json\/wp\/v2\/media?parent=3350"}],"wp:term":[{"taxonomy":"product_brand","embeddable":true,"href":"https:\/\/bathroommetal.com\/es\/wp-json\/wp\/v2\/product_brand?post=3350"},{"taxonomy":"product_cat","embeddable":true,"href":"https:\/\/bathroommetal.com\/es\/wp-json\/wp\/v2\/product_cat?post=3350"},{"taxonomy":"product_tag","embeddable":true,"href":"https:\/\/bathroommetal.com\/es\/wp-json\/wp\/v2\/product_tag?post=3350"}],"curies":[{"name":"wp","href":"https:\/\/api.w.org\/{rel}","templated":true}]}}