{"id":3350,"date":"2024-11-19T02:22:02","date_gmt":"2024-11-19T02:22:02","guid":{"rendered":"https:\/\/bathroommetal.com\/?post_type=product&#038;p=3350"},"modified":"2024-12-31T07:59:27","modified_gmt":"2024-12-31T07:59:27","slug":"luxury-high-end-apuvan-heated-towel-rail-apuvan-ab321","status":"publish","type":"product","link":"https:\/\/bathroommetal.com\/de\/product\/luxus-hochwertiger-apuvan-handtuchheizkorper-apuvan-ab321\/","title":{"rendered":"Luxus-High-End APUVAN Heizbarer Handtuchhalter APUVAN AB321"},"content":{"rendered":"","protected":false},"excerpt":{"rendered":"<p>Gr\u00f6\u00dfe\uff1aH1563\u00d7B580\u00d7T200 (mm)<br \/>\nLeistung: 180w<\/p>\n<p>Dies ist ein luxuri\u00f6ser, gro\u00dfformatiger elektrischer Handtuchhalter, der der beste Partner f\u00fcr Duschr\u00e4ume und Badewannen ist. Neben dem gro\u00dfen Handtuchhalter verf\u00fcgt er auch \u00fcber eine Nische, in der Toilettenartikel aufbewahrt werden k\u00f6nnen. Wenn Sie ein gro\u00dfes Badezimmer haben, kann er Ihr Badezimmer sehr hochwertig aussehen lassen.<\/p>","protected":false},"featured_media":3351,"comment_status":"open","ping_status":"closed","template":"","meta":[],"product_brand":[],"product_cat":[69,362],"product_tag":[361],"class_list":{"0":"post-3350","1":"product","2":"type-product","3":"status-publish","4":"has-post-thumbnail","6":"product_cat-heated-towel-rail","7":"product_cat-luxury","8":"product_tag-retail","10":"first","11":"instock","12":"shipping-taxable","13":"purchasable","14":"product-type-variable"},"_links":{"self":[{"href":"https:\/\/bathroommetal.com\/de\/wp-json\/wp\/v2\/product\/3350","targetHints":{"allow":["GET"]}}],"collection":[{"href":"https:\/\/bathroommetal.com\/de\/wp-json\/wp\/v2\/product"}],"about":[{"href":"https:\/\/bathroommetal.com\/de\/wp-json\/wp\/v2\/types\/product"}],"replies":[{"embeddable":true,"href":"https:\/\/bathroommetal.com\/de\/wp-json\/wp\/v2\/comments?post=3350"}],"version-history":[{"count":0,"href":"https:\/\/bathroommetal.com\/de\/wp-json\/wp\/v2\/product\/3350\/revisions"}],"wp:featuredmedia":[{"embeddable":true,"href":"https:\/\/bathroommetal.com\/de\/wp-json\/wp\/v2\/media\/3351"}],"wp:attachment":[{"href":"https:\/\/bathroommetal.com\/de\/wp-json\/wp\/v2\/media?parent=3350"}],"wp:term":[{"taxonomy":"product_brand","embeddable":true,"href":"https:\/\/bathroommetal.com\/de\/wp-json\/wp\/v2\/product_brand?post=3350"},{"taxonomy":"product_cat","embeddable":true,"href":"https:\/\/bathroommetal.com\/de\/wp-json\/wp\/v2\/product_cat?post=3350"},{"taxonomy":"product_tag","embeddable":true,"href":"https:\/\/bathroommetal.com\/de\/wp-json\/wp\/v2\/product_tag?post=3350"}],"curies":[{"name":"wp","href":"https:\/\/api.w.org\/{rel}","templated":true}]}}